{"id":138,"date":"2015-06-08T00:51:21","date_gmt":"2015-06-08T00:51:21","guid":{"rendered":"http:\/\/www.farmaceuti.com\/portal\/?page_id=138"},"modified":"2015-07-26T21:23:26","modified_gmt":"2015-07-26T21:23:26","slug":"veledrogerije","status":"publish","type":"page","link":"https:\/\/www.farmaceuti.com\/portal\/veledrogerije\/","title":{"rendered":"Veledrogerije"},"content":{"rendered":"<div id=\"fcbk_share\"><div class=\"fcbk_like\">\r\n\t\t\t\t\t\t\t\t\t\t\r\n\t\t\t\t\t\t\t\t\t\t<div id=\"fb-root\"><\/div>\r\n<script>(function(d, s, id) {\r\n  var js, fjs = d.getElementsByTagName(s)[0];\r\n  if (d.getElementById(id)) return;\r\n  js = d.createElement(s); js.id = id;\r\n  js.src = \"\/\/connect.facebook.net\/en_US\/sdk.js#xfbml=1&version=v2.5&appId=https:\/\/www.facebook.com\/farmaceuti\";\r\n  fjs.parentNode.insertBefore(js, fjs);\r\n}(document, \"script\", \"facebook-jssdk\"));<\/script>\r\n<div class=\"fb-like\" data-href=\"https:\/\/www.farmaceuti.com\/portal\/veledrogerije\/\" data-layout=\"button_count\" data-action=\"like\" data-show-faces=\"true\" data-share=\"false\"><\/div>\t\t\t\t\t\r\n\t\t\t\t\t\t\t\t\t<\/div><div class=\"fcbk_button\">\r\n\t\t\t\t\t\t\t<a href=\"https:\/\/twitter.com\/share\" class=\"twitter-share-button\" data-url=\"https:\/\/www.farmaceuti.com\/portal\/veledrogerije\/\" data-text=\"\" data-via=\"@farmaceuti\" data-size=\"\" data-count=\"\"><\/a>\r\n\t\t\t\t\t\t\t<script>!function(d,s,id){var js,fjs=d.getElementsByTagName(s)[0];if(!d.getElementById(id)){js=d.createElement(s);js.id=id;js.src=\"\/\/platform.twitter.com\/widgets.js\";fjs.parentNode.insertBefore(js,fjs);}}(document,\"script\",\"twitter-wjs\");<\/script>\r\n\t\t\t\t\t\t\t\t\t<\/div><div class=\"fcbk_button linkedin\">\r\n\t\t\t\t\t\t\t<script src=\"\/\/platform.linkedin.com\/in.js\" type=\"text\/javascript\"><\/script>\r\n<script type=\"IN\/Share\" data-url=\"https:\/\/www.farmaceuti.com\/portal\/veledrogerije\/\" data-counter=\"\"><\/script>\r\n\t\t\t\t\t\t\t\t\t<\/div><\/div><p><b>Bayfarm<\/b><\/p>\n<p>Cetinje, Bajice 104 Predstavni\u0161tvo Podgorica<br \/>\n<br \/>\nul. Crnogorskih serdara b.b.<br \/>\n<br \/>\nTel.\/fax: 081\/601 210, 602 490, 620 510, 620 810<\/p>\n<p>    Ekskluzivni uvoznik i distributer za CG programa<br \/>\n    \u0161ume\u0107ih tableta \u00bbSENSILAB\u00ab<br \/>\n<br \/>\n    Ekskluzivni uvoznik i distributer za CG programa:<br \/>\n    LEK, Sanofi Aventis.<br \/>\n<br \/>\n    Uvoznik i distributer lekova inoproizvo\u0111a\u010da:<br \/>\n    Berlin-Chemie, CSC, Zambon, Alkaloid, Bayer, GlaxoSmithKline, Pfizer, Nycomed, Astra Zeneca, Boehringer Ingelheim, Merck Sharp,<br \/>\n    Merz Pharmaceutical, Novartis.<br \/>\n<br \/>\n    Distribucija ljekova i pomo\u0107nih medicinskih sredstava doma\u0107ih i inoproizvo\u0111a\u010da.<br \/>\n<br \/>\n    Uvoz i distribucija osteosintetskog materijala \u2013<br \/>\n    \u00bbLIMA\u00ab Lto S.P.A.<br \/>\n<br \/>\n    Uvoz i distribucija toplomera &#8211; TROGE MEDICAL<\/p>\n<\/p>\n<p><b>BGB Italiana<\/b><\/p>\n<p>Bulevar Mihaila Pupina br. 131, Novi Beograd<br \/>\nTel\/fax: (011) 311-83-33, 311-76-78<br \/>\n<br \/>\nwww.bgbitaliana.rs<br \/>\n<br \/>\noffice@bgbitaliana.co.rs<\/p>\n<p>Uvoz i zastupstvo italijanskih proizvo\u0111a\u010da:<br \/>\n<br \/>\n    ESI S.p.A: fitofarmaceutski i dijetetski preparati<br \/>\n    &#8211; No-Dol, Ginkgomax, Normolip, Fermental,<br \/>\n    Echinaid, Propolaid, Erbaven<br \/>\n<br \/>\n    Pharmaworld S.r.L: Disney baby kozmetika<br \/>\n<br \/>\n    Euritalia S.r.L: medicinska sredstva &#8211; Isomar i Ice<br \/>\n    sprej<br \/>\n<br \/>\n    Sixtem life S.r.L: Softivel &#8211; flaster u spreju<br \/>\n<br \/>\n    Larus pharma S.r.L: prirodni preparati protiv<br \/>\n    insekata CER&#8217;8<br \/>\n<br \/>\n    Athena&#8217;s S.r.L: kozmetika za negu tela<br \/>\n<br \/>\n    Sian Gest S.r.L: toaletni sapuni sa etarskim uljima<\/p>\n<\/p>\n<p><b>Farmalogist<\/b><\/p>\n<p>Bul.vojvode Mi\u0161i\u0107a 25-27, Beograd<br \/>\n<br \/>\noffice.dir@farmalogist.co.yu<br \/>\n<br \/>\nDistributivni centar Beograd: Mirijevski bul. 3<br \/>\n<br \/>\ntel: 011\/3315 000, 3315 001, 3315 002<br \/>\n<br \/>\nfax: 011\/2782 174<br \/>\n<br \/>\noffice.vp@farmalogist.co.yu<br \/>\n<br \/>\nDistributivni centar Ni\u0161: Bul. svetog cara<br \/>\n<br \/>\nKonstantina 84<br \/>\n<br \/>\ntel: 018\/203 332, 203 333, 208 778,<br \/>\n<br \/>\nfax: 018\/203 444<br \/>\n<br \/>\nDistributivni centar Kraljevo: Beogradska 53<br \/>\ntel: 036\/329 010, 329 020, fax: 036\/329 040<br \/>\n<br \/>\nDistributivni centar Novi Sad: Proleterska 18<br \/>\n<br \/>\ntel: 021\/410 255, 6414 120, fax: 021\/410 446<br \/>\n<br \/>\nwww.farmalogist.co.rs<\/p>\n<p>    Konsignacija i distribucija:<br \/>\n    Pfizer HCP, Bayer Schering AG, Berlin Chemie AG,<br \/>\n    Gedeon Richter, Dr Falk Pharma<br \/>\n<br \/>\n    Zastupstvo, uvoz i distribucija:<br \/>\n    Remedica Ltd, Bittner AG, Genericon, Troge GmbH,<br \/>\n    Ebewe GmbH, Pharmatex SRL, Rotex Medica GmbH,<br \/>\n    Labaratories Panpharma, Resorba GmbH, Betasan,<br \/>\n    Vulkan, Vichy, Encian, Nepentes (Propolki,<br \/>\n    ApiPanten).<br \/>\n<br \/>\n    Uvoz i distribucija lekova inoproizvo\u0111a\u010da:<br \/>\n    Abbot, Alcon, Alkaloid, Belupo, Boehringer Ingelheim,<br \/>\n    Cell-Pharma, Innotech, Imunolo\u0161ki zavod Zagreb,<br \/>\n    Jonson&#038;Jonson OTC, Novonordisk, Nycomed,<br \/>\n    Octapharma, Organon, Pliva, Pohl Boskamp, Riche<br \/>\n    Pharm, Unimed Pharma, Valeant.<br \/>\n<br \/>\n    Distribucija:<br \/>\n    Astra Zeneca, Aventis, Biognost, Bosnalijek, Bristol<br \/>\n    Myers Squibb, Esensa, Glaxo Smith Kline, Jansen Cilag,<br \/>\n    Krka, Lek, Lundbeck Export A\/S, F.H.La Roche,<br \/>\n    Novartis, Servier, Schering Plough, Sandoz, Sanofi<br \/>\n    Aventis, Fidia farmaceutici SpA, Medis (Novartis<br \/>\n    Consumer Health SA, Riche Pharm), MSD, Unimed<br \/>\n    Pharma, Upsa&#8230;<br \/>\n<br \/>\n    Distribucija i uvoz medicinskih, kozmeti\u010dkih<br \/>\n    sredstava i sredstava za odr\u017eavanje higijene:<br \/>\n    (te\u010dni sapuni Cleany, antibakterijski te\u010dni sapun Dr<br \/>\n    Plant, vla\u017ene maramice My Baby i Happy Rozzy,<br \/>\n    Becutan kolekcija, Kaloderma kolekcija, Young derm<br \/>\n    kolekcija&#8230;)<\/p>\n<\/p>\n<p><b>Erma<\/b><\/p>\n<p>Ba\u010dvanska 21, Beograd<br \/>\n<br \/>\nTel: centrala 011\/2851-714, komercijala<br \/>\n<br \/>\n2851- 444, 2851- 555; Fax: 011\/2852- 000<br \/>\n<br \/>\nwww.erma.co.rs<br \/>\n<br \/>\nerma@beotel.rs<\/p>\n<p>    Konsignacija i distribucija: Pfizer H.C.P., Novartis Pharma, Boehringer Ingelheim, Dr.Falk, Dr.Theiss, Biognost, GSKVakcine, MSD<br \/>\n<br \/>\n    Uvoz i distribucija lekova inoproizvo\u0111a\u010da: Lundbeck, Schulke&#038;Mayer, Astrazeneca, Medis, Organon, Alcon, Bayer Healtcare, Bayerscheringpharma, Belupo, Bosnalijek, Glaxosmithkline, Novartis Consumer Health, Nycomed, Organon, Pliva, Unimed Pharma, Nippon Kayaku, Chiesi Farmaceutici, Johnson&#038;Johnson, Schering Plough, Innotech Inter., Novo nordisk<br \/>\n<br \/>\n    Distribucija: Krka, Pfizer Enterprises, Pharmaswiss, Roche, Alkaloid, Aventis, Lek, Berlin-Chemie, Merck doo, Libra, Jansen Cilag, Gedeon Richter, Abbott, Ranbaxy Lab., Chephasaar, Dr Wolf<br \/>\n<br \/>\nDistribucija dijetetskih suplemenata, medicinskih pomo\u0107nih sredstava i bebi hrane<\/p>\n<\/p>\n<p><b>Beopanax<\/b><\/p>\n<p>Kneza Vi\u0161eslava 63 lok 1,30<br \/>\n<br \/>\nMaloprodaja: 011\/3537 103; 011\/3537 155<br \/>\n<br \/>\nVeleprodaja: 011\/3564 614 (tel\/fax)<br \/>\n<br \/>\nMarketing: 011\/3563 748<br \/>\n<br \/>\nwww.beopanax.com<br \/>\n<br \/>\noffice@beopanax.com<\/p>\n<p>    Ekskluzivni uvoznik i distributer za Srbiju i biv\u0161e YU<br \/>\n    republike \u0160vedskog proizvo\u0111a\u010da NATUMIN PHARMA:<br \/>\n    ECOMER &#8211; ulje iz ajkuline jetre (IMUNITET); ECOMER<br \/>\n    KREMA (nega i za\u0161tita ko\u017ee); POLTIT (za prostatu);<br \/>\n    FEMAL (pms i menopauza); RECAPEEN (za ponovni rast<br \/>\n    kose); PSORINOL (za psorijati\u010dne promene); SILICA<br \/>\n    (ko\u017ea, kosa i nokti); NOQ (herpes stop); ACNIX Krema i<br \/>\n    Cleanser (bubuljice); ECOLANE (face lift)<br \/>\n<br \/>\n    Kompletna MUMIE kolekcija: MUMIE Altajski Smola<br \/>\n    10g; MUMIE Altajski Kapsule 50 caps; MUMIE Tablete<br \/>\n    blister 30, 60 i 120 tab; MUMIE Altajski Vaginalete 14;<br \/>\n    MUMIE Altajski Balzam 50ml; MUMIE Altajski Melem<br \/>\n    50ml; MUMIE Altajski Krema 50ml; Tibet mast 50ml.<\/p>\n<\/p>\n<p><b>Farmeks<\/b><\/p>\n<p>\u0160trosmajerova 4, Pan\u010devo<br \/>\n<br \/>\nTel.: 013\/301-450; 351-426; 346-567<br \/>\n<br \/>\nFax: 013\/351-885<br \/>\n<br \/>\nfarmeks@eunet.rs<\/p>\n<p>    Doma\u0107i lek<br \/>\n<br \/>\n    Uvozni lek<br \/>\n<br \/>\n    Parafarmacija uvoznih i doma\u0107ih proizvo\u0111a\u010da<br \/>\n<br \/>\n    Sanitetski materijal<br \/>\n<br \/>\n    Sredstva za higijenu<br \/>\n<br \/>\n    De\u010dija hrana i oprema za bebe<br \/>\n<br \/>\n    Kozmeti\u010dki preparati<\/p>\n<\/p>\n<p><b>Glosarij Bg<\/b><\/p>\n<p>Predstavni\u0161tvo Beograd, Brodarska 1b,<br \/>\n<br \/>\ntel. 011\/311-0468,<br \/>\n<br \/>\n311-0265, 311-5206, 311- 0264<br \/>\n<br \/>\ntel.\/fax 011\/ 311 0468, 311 5206<br \/>\n<br \/>\nPredstavni\u0161tvo Novi Sad,<br \/>\n<br \/>\ntel. 021\/633 7388, 633 7592, 677 9092,<br \/>\n<br \/>\ntel.\/fax 021\/633 7592<br \/>\n<br \/>\nPredstavni\u0161tvo Leskovac,<br \/>\n<br \/>\ntel. 016\/216 470, 232 470, 232 480,<br \/>\n<br \/>\ntel.\/fax 016\/232 471<\/p>\n<p>    Ekskluzivni uvoznik i distributer programa \u0161ume\u0107ih<br \/>\n    tableta \u00bbSENSILAB\u00ab<br \/>\n<br \/>\n    Uvoznik i distributer lekova inoproizvo\u0111a\u010da: Nycomed,<br \/>\n    Berlin-Chemie, Lek, CSC, Zambon, Alkaloid, Bayer.<br \/>\n<br \/>\n    Distribucija lekova i pomo\u0107nih lekovitih sredstava<br \/>\n    doma\u0107ih i inoproizvo\u0111a\u010da<br \/>\n<br \/>\n    Uvoz i distribucija toplomera &#8211; TROGE MEDICAL.<\/p>\n<\/p>\n<p><b>Inpharm Co. D.o.o.<\/b><\/p>\n<p>Cara Du\u0161ana 266, 11080 Zemun &#8211; Beograd<br \/>\n<br \/>\nTel: +381 11\/ 3073 900, 3073 901<br \/>\n<br \/>\nFax: +381 11\/ 3073 973<br \/>\n<br \/>\nwww.inpharm.co.rs<br \/>\n<br \/>\noffice@inpharm.co.yu<\/p>\n<p>    Uvoznik i distributer<br \/>\n    &#8211; Janssen &#8211; Cilag<br \/>\n    &#8211; Servier<br \/>\n    &#8211; Bosnalijek<br \/>\n<br \/>\n    Zastupnik SENI programa za inkontinenciju<br \/>\n    &#8211; pelene, ulo\u0161ci, podmeta\u010di za krevete<\/p>\n<\/p>\n<p><b>MBS Tehno<\/b><\/p>\n<p>Bulevar Despota Stefana 21,11000 Beograd<br \/>\n<br \/>\nTel.011\/322-9219,322-7274,334-7461<br \/>\n<br \/>\nFax:011\/3347-482<\/p>\n<p>     sanitetskog materijala:<br \/>\n    Pelene za inkontinenciju, hidrofilna gaza, sterilna gaza,<br \/>\n    komprese sterilne, komprese nesterilne, papirna vata,<br \/>\n    sanitetska vata, kaliko zavoji, mre\u017easti ulo\u0161ci<br \/>\n<br \/>\n    Ekskluzivni zastupnik i distributer proizvo\u0111a\u010da<br \/>\n    HARTMANN<br \/>\n    Program za inkontinenciju Molicare, Moliform,<br \/>\n    Molimed, program za negu Menalind. Flasteri:<br \/>\n    Omnipor, Omnisilk, Omniplast, Omnifilm, Omnistrip,<br \/>\n    Dermaplast. Sterilni hanzaplast Cosmopor E. El.zavoji:<br \/>\n    Idealflex E, PehaCrepp E, P\u00fcterbinde, Lastodur. Turban<br \/>\n    zavoji: St\u00fclpa-Fix. Gipsani zavoji: Safix plus. Vazelinska<br \/>\n    gaza: Grasolind neutral. Hiru\u0161ke rukavice: Peha-soft.<br \/>\n    Komprese za te\u0161ko zarastaju\u0107e rane TenderWet-24.<br \/>\n    Elasti\u010dni postoperativni pojasevi Verba E. Digitalni<br \/>\n    toplomeri i digitalni mera\u010di pritiska<\/p>\n<\/p>\n<p><b>NS-Pharm<\/b><\/p>\n<p>\u0110or\u0111a Zli\u010di\u0107a 12, Novi Sad<br \/>\n<br \/>\nTel.:021\/442-950; 443-975; 443-656<br \/>\n<br \/>\nfax: 021\/6338-649<br \/>\n<br \/>\nnspharm@metrohive.net<\/p>\n<p>    Doma\u0107i i uvozni lekovi<br \/>\n<br \/>\n    Doma\u0107a i uvozna parafarmacija<br \/>\n<br \/>\n    Sanitetski materijal<br \/>\n<br \/>\n    Bebi hrana i oprema<br \/>\n<br \/>\n    Sredstva za higijenu<br \/>\n<br \/>\n    Kozmetika<br \/>\n<br \/>\n    Dijetetski proizvodi<\/p>\n<\/p>\n<p><b>Jasvel<\/b><\/p>\n<p>Bitoljska 20, 11136 Beograd<br \/>\n<br \/>\nTel.\/fax: 011\/2392-727, 2392-726<br \/>\n<br \/>\nwww.jasvel.co.rs<br \/>\n<br \/>\njasvel_bg@ptt.rs<br \/>\n<br \/>\ninfo@jasvel.co.rs<\/p>\n<p>PROIZVODNJA DEZINFEKCIONIH SREDSTAVA:<br \/>\n<br \/>\n    ASEPSSOL 5% &#8211; koncentrovani dezinfekciono deterd\u017eentski<br \/>\n    rastvor za radne povr\u0161ine, ruke, pribor, opremu, radna<br \/>\n    odela i dezobarijere<br \/>\n<br \/>\n    ASEPSSOL 1% &#8211; gotov radni rastvor za dezinfekciju podova,<br \/>\n    povr\u0161ina, opreme<br \/>\n<br \/>\n    ASEPSSOL AEROSOL &#8211; dezinfekcija i dezodoracija vazduha u zatvorenom prostoru<br \/>\n<br \/>\n    ALCOSEPT &#8211; rastvor za dezinfekciju ko\u017ee (ruku, povreda i rana na ko\u017ei, mesta uboda komaraca i drugih insekata)<br \/>\n<br \/>\n    TE\u010cNI SAPUN SA DEZINFICIJENSOM &#8211; higijensko pranje ko\u017ee i ruku u zdravstvu, ugostiteljstvu, prehrambenoj industriji, javnim ustanovama i doma\u0107instvu.<br \/>\n<br \/>\n    ALGIPOOL &#8211; algacidno sredstvo za odr\u017eavanje bazena, fontana i termalnih banja.<br \/>\n<br \/>\nPROIZVODNJA SREDSTAVA ZA HIGIJENU<br \/>\n<br \/>\n    JASVEL d.o.o. je ISO 9001: 2000 sertifikovani proizvo\u0111a\u010d<br \/>\n<br \/>\n     Medicinski aparati.<br \/>\n<br \/>\n    Obu\u0107a (VUMO, GRUBIN, NIJANSA)<br \/>\n<br \/>\n    PVC ambala\u017ea<\/p>\n<\/p>\n<p><b>MIP pharma<\/b><\/p>\n<p>Ugrinova\u010dki put 16a, 11080 Zemun<br \/>\n<br \/>\nTelefoni: (011) 3077154, 3077155<br \/>\n<br \/>\nFax: (011) 3168514<br \/>\n<br \/>\nZastupstvo nema\u010dke farmaceutske firme<br \/>\nCHEPHASAAR GmbH<\/p>\n<p>Uvoz i distribucija lekova mati\u010dnog proizvo\u0111a\u010da<br \/>\n<br \/>\n    Clindamycin-MIP filmtablete 300\/600mg<br \/>\n<br \/>\n    Clindamycin-MIP ampule 600mg\/4ml<br \/>\n<br \/>\n    Lactulose-MIP sirup 200\/500 ml<br \/>\n<br \/>\n    Artromed film tablete 200 mg<br \/>\n<br \/>\n    Nitroxolin forte kapsule 250 mg<br \/>\n<br \/>\n    Tetrazepam-MIP tablete 25 mg\/50 mg<br \/>\n<br \/>\n    Vancomycin-MIP bo\u010dice 0,5\/1g<br \/>\n<br \/>\n    Perigona film tablete 500mg (glukozaminsulfat)<br \/>\n<br \/>\n    Tetrisal E sprej &#8211; dozator<br \/>\n<br \/>\n    Tetrisal S kapi za nos<br \/>\n<br \/>\nMIP PHARMA &#8211; Va\u0161 pouzdan partner!<\/p>\n<\/p>\n<p><b>Phoenix Pharma d.o.o.<\/b><\/p>\n<p>Bore Stankovi\u0107a 2, 11250 Beograd, P.Box 21<br \/>\n<br \/>\nTel 011 3538 100; Fax 011 3538 201<br \/>\n<br \/>\nRegionalni centar Novi Sad<br \/>\n<br \/>\nRumena\u010dki put 22<br \/>\n<br \/>\nTel: 021 518 273; Fax: 021 518 522<\/p>\n<p>    Konsignacije: Astra Zeneca,<br \/>\n    Schering Plough<br \/>\n<br \/>\n    Ekskluzivni uvoz i distribucija: vakcine Sanofi<br \/>\n    Pasteur, staklena medicinska ambala\u017ea Saint-Gobain<br \/>\n    Desj<br \/>\n<br \/>\n    Uvoz i distribucija: Astra Zeneca, Alkaloid, Bayer<br \/>\n    Schering Pharma, Bayer Health Care, Belupo, Berlin<br \/>\n    Chemie, Boehringer Ingelheim, CSC Pharmaceuticals,<br \/>\n    Glaxo Smith Kline, Innotech International, Merck<br \/>\n    Sharp Dohme, Novartis Pharma, Novartis Consumer<br \/>\n    Health, Novo Nordisk, Nycomed, Pohl Boskamp,<br \/>\n    Pliva-Lachema, Poli Industria Chimica, Remedica,<br \/>\n    Sandoz, Sanofi Aventis, Schering Plough, Unimed,<br \/>\n    Worwag, Zambon Group<br \/>\n<br \/>\n    Distribucija: Abbott Laboratories, Actavis, Aegis,<br \/>\n    Alcon, Bristol Myers Squibb, Bosnalijek, CSL Behring,<br \/>\n    Cilag Ag, Deutsche Homoopathie , Dr Falk Pharma,<br \/>\n    Dr Gerhard, , Ebewe Pharma, Engelhard<br \/>\n    Arzeneimittel, Ferring Arzneimittel, Fidia<br \/>\n    Pharmaceuticals, Gedeon Richter Ipsen, Janssen-<br \/>\n    Cilag, Krka Farma, Laboratories Chauvin, Lannacher,<br \/>\n    Liconsa, Eli Lilly, Lundbeck, Medochemie, Merck<br \/>\n    KgaA, Merck Sante, Merz Pharmaceuticals, Panacea<br \/>\n    Biotec , Pharmacia Enterprizes, Pfizer, Polfarmex,<br \/>\n    Promed, Ranbaxy Laboratories, Reckitt Benckiser,<br \/>\n    Roche, Richard Bittner, Rotexmedica, Servies,<br \/>\n    Sindan Pharma, Stada Pharma Int., Torrex Pharma,<br \/>\n    Meda Manufacturing, Valeant Pharmaceuticals,<br \/>\n    Wyeth Lederle<br \/>\n<br \/>\n    Distribucija lekova doma\u0107ih proizvo\u0111a\u010da<br \/>\n<br \/>\n    Distribucija pomo\u0107nih lekovitih sredstava: de\u010dija<br \/>\n    hrana i oprema za bebe, kozmeti\u010dki preparati i<br \/>\n    sredstva za higijenu<\/p>\n<\/p>\n<p><b>Lama<\/b><\/p>\n<p>Gr\u010di\u0107a Milenka 19\/I, Beograd<br \/>\ntel.\/faks: 011\/3806-180<\/p>\n<p>Uvoznik i distributer za firme:<br \/>\n\u2013 EAS, TWINLAB, UNIVERSAL i NOW Foods<br \/>\n    vitamini i antioksidanti (CoQ10, C-1000, E-400,<br \/>\n    B-kompleks&#8230;)<\/p>\n<p>    minerali i oligoelementi (kalcijum, cink, selen, kalijum&#8230;)<\/p>\n<p>    multivitaminski i multimineralni preparati (Daily<br \/>\n    Formula, Pre-Natal, Mega Rich, Menopausal, OcuGuard,<br \/>\n    Immuno Protectors&#8230;)<br \/>\n<br \/>\n    esencijalne masne kiseline (omega 3, ulje no\u0107urka, ulje<br \/>\n    ajkuline jetre, EFA&#8230;)<br \/>\n<br \/>\n    preparati biljnog porekla (aloja, ginko, ehinaceja,<br \/>\n    \u017een-\u0161en, soja, brusnica&#8230;)<br \/>\n<br \/>\n    toplja\u010di masti (Fat Burners, Chitosan, Diet Fuel&#8230;)<br \/>\n<br \/>\n    preparati za zglobove i ligamente (glukozamin,<br \/>\n    hondroitin, MSM&#8230;)<br \/>\n<br \/>\n    aminokiseline i proteini (karnitin, BCAA, glutamin,<br \/>\n    surutka&#8230;)<br \/>\n<br \/>\n    napici i preparati za  (Carbo Plus, kreatin,<br \/>\n    riboza&#8230;)<\/p>\n<\/p>\n<p><b>MSF Pharm d.o.o.<\/b><\/p>\n<p>Orlovi\u0107a Pavla 4, 11000 Beograd<br \/>\nTel\/fax: 011 38 36 393, 38 36 588<\/p>\n<p>www.msfpharm.com<\/p>\n<p>info@msfpharm.com<\/p>\n<p>Eksluzivni zastupnik i distributer:<br \/>\n<br \/>\n    Dr.Wolff, Nema\u010dka &#8211; lekovi: Linola, Linola Fett,<br \/>\n    Linola Fett N Olbad, Linola Urea, Linola<br \/>\n    Gamma, Aknefug Oxid Wash; kozmetika:<br \/>\n    Linola Losion, Anefug Simpleks, Fruchtsaure-<br \/>\n    Creme, Vagisan<br \/>\n<br \/>\n    Dr. Kurt Wolff, Nema\u010dka &#8211; paleta \u0161ampona<br \/>\n    Alpecin i Plantur39<br \/>\n<br \/>\n    NeoStrata, USA,  sa alfa-hidroksi, polihidroksi<br \/>\n    i laktobionskom kiselinom<br \/>\n<br \/>\n    IFC , \u0160panija &#8211; linija Heliocare za fotoimuno<br \/>\n    protekciju<br \/>\n<br \/>\n    Medicinska oprema<\/p>\n<\/p>\n<p><b>Oralent d.o.o<\/b><\/p>\n<p>Palmira Toljatija 5\/3<br \/>\n11070 Novi Beograd<br \/>\nTel.: 011\/ 2674 &#8211; 959, 011\/ 2674 &#8211; 727<br \/>\nFax: 011\/ 2606 &#8211; 837<\/p>\n<p>info@oralent.co.rs<\/p>\n<p>Zastupstvo  za odr\u017eavanje oralne<br \/>\nhigijene iz programa:<br \/>\n<br \/>\n    CURAPROX<br \/>\n<br \/>\n    JORDAN<br \/>\n<br \/>\n    DENTIPUR<br \/>\n<br \/>\n    THORNTON<br \/>\n<br \/>\n    PLAQ SEARCH<br \/>\n<br \/>\n    SONICARE<\/p>\n<\/p>\n<p><b>Sigma-medic d.o.o.<\/b><\/p>\n<p>Makenzijeva 46, 11000 Beograd, Srbija<br \/>\nTel. 011\/3830-483,011\/2431-007<br \/>\nTel.fax: 011\/3830-476<br \/>\nsigmamed@net.rs<\/p>\n<p>Eksluzivni distributer i uvoznik proizvoda:<\/p>\n<p>    Philadelphia Cervical Collar, USA- okovratnici za fiksaciju<br \/>\n    vratnog (cervikalnog) dela ki\u010dme- jedini originalni!<br \/>\n<br \/>\n    Bledsoe, USA- Sportsko-funkcionalne, postoperativne ortoze i ortoze za osteoartriti\u010dne promene kolena; \u010dizme koje pove\u0107avaju pokretljivost i\/ili slu\u017ee umesto gipsa kod istegnu\u0107a, i\u0161\u010da\u0161enja i nekih vrsta fraktura, kao i \u010dizma kod povreda Ahilove tetive; ortoza u slu\u010daju uganu\u0107a sko\u010dnog zgloba; ortoza kod povreda ili nakon operacija lakta<br \/>\n<br \/>\n    Orthomerica, USA- ortoze za odrasle i decu, fabri\u010dke veli\u010dine i prema merama samog pacijenta (za ki\u010dmu, kuk, koleno, lakat, rame, stopalo i sko\u010dni zglob)<br \/>\n<br \/>\n    Aetrex, USA- silikonski ulo\u0161ci za stopala i petu, kao i ostale vrste ortopedskih ulo\u017eaka<br \/>\n<br \/>\n    Corin Medical, Velika Britanija- proteze kuka<br \/>\n<br \/>\n    Heraeus Kulzer GmbH, Nema\u010dka- ko\u0161tani cement<br \/>\n    PALACOS\u00ae R i PALACOS\u00ae R+G (sa Gentamicinom)<\/p>\n<\/p>\n<p><b>Pharma product<\/b><\/p>\n<p>Preduze\u0107e za  i promet<br \/>\nBeograd, Koste Glavini\u0107a 2<br \/>\nTel.: 011\/ 36 90 338 Fax. 011\/ 26 53 177<br \/>\nwww.pharmaproduct.co.rs<br \/>\n<br \/>\npharma-n@eunet.rs<\/p>\n<p>     program:<br \/>\n    Dijetetski suplementi:<br \/>\n    &#8211; sirup jagor\u010devine, timijana i nane (Pharma EX)<br \/>\n    &#8211; sirup belog sleza i kamilice (Pharma SLEZ)<br \/>\n    &#8211; sirup bokvice, jagor\u010devine i timijana (PLANTApharm)<br \/>\n    &#8211; multivitaminski (8 vitamina) sirup sa mineralima<br \/>\n    (7 minerala) (Pharma VIT)<br \/>\n    &#8211; sirup za poja\u010danje apetita sa pelenom, lincurom i<br \/>\n    kicicom sa vitaminima (8 vitamina) (AMARA pharma<br \/>\n    Medicinska sredstva:<br \/>\n    &#8211; rastvor za so\u010diva (za pranje, uklanjanje naslaga lipida i<br \/>\n    proteina, dezinfekciju, vla\u017eenje i \u010duvanje svih vrsta<br \/>\n    mekih kontaktnih so\u010diva (LENS CARE)<\/p>\n<\/p>\n<p><b>Primax d.o.o.<\/b><\/p>\n<p>privredno dru\u0161tvo za  i trgovinu<br \/>\nVodovodska 158a Beograd<br \/>\nTel. 011\/30 51 300; Fax. 011\/30 51 333<\/p>\n<p>www.opisrbija.com<\/p>\n<p>www.biobodyparis.com<br \/>\n<br \/>\nwww.primax.rs<br \/>\n<br \/>\noffice@primax.rs<\/p>\n<p>    VELEPRODAJA: Ekskluzivni uvoznik i distributer medicinskih i dijetetskih sredstava, kozmetike, opreme za bebe i kuhinjskih aparata<br \/>\n    URISCAN &#8211; reagens trake i hemijski analizatori urina; <br \/>\n   SMITH&#038;NEPHEW &#8211; program za     plasti\u010dnu hirurgiju i le\u010denje hroni\u010dnih rana;<br \/>\n   SUNLIFE &#8211; nema\u010dki vitamini, minerali i dodaci ishrani;<\/p>\n<p>    O P I &#8211; najbolji lakovi za nokte i program za negu ruku i stopala; MISTER BABY &#8211; oprema za bebe; KITCHENAID &#8211; vrhunski ameri\u010dki aparati za apoteke i ku\u0107nu upotrebu<br \/>\n<br \/>\n    PROIZVODNJA:<br \/>\n    BIOBODY PARIS &#8211; medicinska kozmetika; BIOHERBICA &#8211; vagitorije i supozitorije<\/p>\n<\/p>\n<p><b>Anlek d.o.o.<\/b><\/p>\n<p>    Adresa: Ljubinke Bobi\u0107 br. 28<br \/>\n    11070 Novi Beograd<br \/>\n    Tel: +381 11 2166 307<br \/>\n    +381 11 3189 701<br \/>\n    Fax: +381 11 2175 157<br \/>\n    E-Mail: desk@anlek.rs<bt><\/p>\n<\/p>\n<p><b>PharmaSwiss d.o.o.<\/b><\/p>\n<p>PharmaSwiss d.o.o., Vojvode Stepe 18, 11000 Belgrade<\/p>\n<p>Tel +381(11)309-3900, Fax +381(11)309-3977<\/p>\n<p>serbia.info@pharmaswiss.com<\/p>\n<\/p>\n<p><b> Delta Farm d.o.o.<\/b><\/p>\n<p>Adresa: Partizanska 40, Novi Sad<br \/>\nVojvodina, Srbija, 21000<\/p>\n<p>e-po\u0161ta: info@deltafarmdoo.com<br \/>\nTelefon: +381 21 4 770 016<br \/>\nFaks: +381 21 4 770 016<br \/>\nInformacije: <br \/>\nGeneralni menad\u017eer: Rade Basta (rade@deltafarmdoo.com) <br \/>\nDirektor: Sr\u0111an Bo\u017ein (srdjan@deltafarmdoo.com) <\/p>\n<\/p>\n<p><b>Vega d.o.o.<\/b><\/p>\n<p>Vuka Karad\u017ei\u0107a 41, 14000 Valjevo<br \/>\nTelefon,fax \t+381 14 220 251<br \/>\nE-mail :\tvega_va@open.telekom.rs<\/p>\n<\/p>\n<p><b>Lekovit d.o.o.<\/b><\/p>\n<p>Popa Karana 13<br \/>\n15000 \u0160ABAC<br \/>\n+381 15 343 533<\/p>\n<div id=\"fcbk_share\"><div class=\"fcbk_like\">\r\n\t\t\t\t\t\t\t\t\t\t\r\n\t\t\t\t\t\t\t\t\t\t<div id=\"fb-root\"><\/div>\r\n<script>(function(d, s, id) {\r\n  var js, fjs = d.getElementsByTagName(s)[0];\r\n  if (d.getElementById(id)) return;\r\n  js = d.createElement(s); js.id = id;\r\n  js.src = \"\/\/connect.facebook.net\/en_US\/sdk.js#xfbml=1&version=v2.5&appId=https:\/\/www.facebook.com\/farmaceuti\";\r\n  fjs.parentNode.insertBefore(js, fjs);\r\n}(document, \"script\", \"facebook-jssdk\"));<\/script>\r\n<div class=\"fb-like\" data-href=\"https:\/\/www.farmaceuti.com\/portal\/veledrogerije\/\" data-layout=\"button_count\" data-action=\"like\" data-show-faces=\"true\" data-share=\"false\"><\/div>\t\t\t\t\t\r\n\t\t\t\t\t\t\t\t\t<\/div><div class=\"fcbk_button\">\r\n\t\t\t\t\t\t\t<a href=\"https:\/\/twitter.com\/share\" class=\"twitter-share-button\" data-url=\"https:\/\/www.farmaceuti.com\/portal\/veledrogerije\/\" data-text=\"\" data-via=\"@farmaceuti\" data-size=\"\" data-count=\"\"><\/a>\r\n\t\t\t\t\t\t\t<script>!function(d,s,id){var js,fjs=d.getElementsByTagName(s)[0];if(!d.getElementById(id)){js=d.createElement(s);js.id=id;js.src=\"\/\/platform.twitter.com\/widgets.js\";fjs.parentNode.insertBefore(js,fjs);}}(document,\"script\",\"twitter-wjs\");<\/script>\r\n\t\t\t\t\t\t\t\t\t<\/div><div class=\"fcbk_button linkedin\">\r\n\t\t\t\t\t\t\t<script src=\"\/\/platform.linkedin.com\/in.js\" type=\"text\/javascript\"><\/script>\r\n<script type=\"IN\/Share\" data-url=\"https:\/\/www.farmaceuti.com\/portal\/veledrogerije\/\" data-counter=\"\"><\/script>\r\n\t\t\t\t\t\t\t\t\t<\/div><\/div>","protected":false},"excerpt":{"rendered":"<p>Bayfarm Cetinje, Bajice 104 Predstavni\u0161tvo Podgorica ul. Crnogorskih serdara b.b. Tel.\/fax: 081\/601 210, 602 490, 620 510, 620 810 Ekskluzivni uvoznik i distributer za CG programa \u0161ume\u0107ih tableta \u00bbSENSILAB\u00ab Ekskluzivni uvoznik i distributer za CG programa: LEK, Sanofi Aventis. Uvoznik i distributer lekova inoproizvo\u0111a\u010da: Berlin-Chemie, CSC, Zambon, Alkaloid, Bayer, GlaxoSmithKline, Pfizer, Nycomed, Astra Zeneca, Boehringer [&hellip;]<\/p>\n","protected":false},"author":1,"featured_media":0,"parent":0,"menu_order":0,"comment_status":"open","ping_status":"open","template":"","meta":{"footnotes":""},"class_list":["post-138","page","type-page","status-publish","hentry"],"aioseo_notices":[],"_links":{"self":[{"href":"https:\/\/www.farmaceuti.com\/portal\/wp-json\/wp\/v2\/pages\/138","targetHints":{"allow":["GET"]}}],"collection":[{"href":"https:\/\/www.farmaceuti.com\/portal\/wp-json\/wp\/v2\/pages"}],"about":[{"href":"https:\/\/www.farmaceuti.com\/portal\/wp-json\/wp\/v2\/types\/page"}],"author":[{"embeddable":true,"href":"https:\/\/www.farmaceuti.com\/portal\/wp-json\/wp\/v2\/users\/1"}],"replies":[{"embeddable":true,"href":"https:\/\/www.farmaceuti.com\/portal\/wp-json\/wp\/v2\/comments?post=138"}],"version-history":[{"count":1,"href":"https:\/\/www.farmaceuti.com\/portal\/wp-json\/wp\/v2\/pages\/138\/revisions"}],"predecessor-version":[{"id":139,"href":"https:\/\/www.farmaceuti.com\/portal\/wp-json\/wp\/v2\/pages\/138\/revisions\/139"}],"wp:attachment":[{"href":"https:\/\/www.farmaceuti.com\/portal\/wp-json\/wp\/v2\/media?parent=138"}],"curies":[{"name":"wp","href":"https:\/\/api.w.org\/{rel}","templated":true}]}}